{"id":28961,"date":"2017-02-16T09:13:19","date_gmt":"2017-02-16T08:13:19","guid":{"rendered":"https:\/\/dv-hub.ch\/startseite\/"},"modified":"2025-11-12T16:56:30","modified_gmt":"2025-11-12T15:56:30","slug":"startseite","status":"publish","type":"page","link":"https:\/\/dv-hub.ch\/de\/","title":{"rendered":"STARTSEITE"},"content":{"rendered":"<p>[et_pb_section fb_built=&#8220;1&#8243; fullwidth=&#8220;on&#8220; admin_label=&#8220;Section&#8220; module_id=&#8220;Startseite&#8220; _builder_version=&#8220;4.27.4&#8243; background_color=&#8220;RGBA(255,255,255,0)&#8220; custom_padding=&#8220;0px|0px|0px|0px&#8220; hover_enabled=&#8220;0&#8243; transparent_background=&#8220;off&#8220; make_fullwidth=&#8220;off&#8220; use_custom_width=&#8220;off&#8220; width_unit=&#8220;off&#8220; custom_width_px=&#8220;1080px&#8220; custom_width_percent=&#8220;80%&#8220; global_colors_info=&#8220;{}&#8220; sticky_enabled=&#8220;0&#8243;][et_pb_fullwidth_slider admin_label=&#8220;Curseur de d\u00e9filement plein \u00e9cran&#8220; _builder_version=&#8220;4.27.4&#8243; background_position=&#8220;top_left&#8220; custom_padding=&#8220;|||&#8220; custom_padding_tablet=&#8220;|||&#8220; custom_padding_phone=&#8220;|||&#8220; hover_enabled=&#8220;0&#8243; button_border_radius_hover=&#8220;0&#8243; button_letter_spacing_hover=&#8220;0&#8243; remove_inner_shadow=&#8220;on&#8220; hide_content_on_mobile=&#8220;off&#8220; hide_cta_on_mobile=&#8220;off&#8220; show_inner_shadow=&#8220;off&#8220; global_colors_info=&#8220;{}&#8220; button_text_size__hover_enabled=&#8220;off&#8220; button_one_text_size__hover_enabled=&#8220;off&#8220; button_two_text_size__hover_enabled=&#8220;off&#8220; button_text_color__hover_enabled=&#8220;off&#8220; button_one_text_color__hover_enabled=&#8220;off&#8220; button_two_text_color__hover_enabled=&#8220;off&#8220; button_border_width__hover_enabled=&#8220;off&#8220; button_one_border_width__hover_enabled=&#8220;off&#8220; button_two_border_width__hover_enabled=&#8220;off&#8220; button_border_color__hover_enabled=&#8220;off&#8220; button_one_border_color__hover_enabled=&#8220;off&#8220; button_two_border_color__hover_enabled=&#8220;off&#8220; button_border_radius__hover_enabled=&#8220;on&#8220; button_border_radius__hover=&#8220;0&#8243; button_one_border_radius__hover_enabled=&#8220;off&#8220; button_two_border_radius__hover_enabled=&#8220;off&#8220; button_letter_spacing__hover_enabled=&#8220;on&#8220; button_letter_spacing__hover=&#8220;0&#8243; button_one_letter_spacing__hover_enabled=&#8220;off&#8220; button_two_letter_spacing__hover_enabled=&#8220;off&#8220; button_bg_color__hover_enabled=&#8220;off&#8220; button_one_bg_color__hover_enabled=&#8220;off&#8220; button_two_bg_color__hover_enabled=&#8220;off&#8220; sticky_enabled=&#8220;0&#8243;][et_pb_slide heading=&#8220;F\u00dcR EINE INTEGRIERTE SICHERHEITSSTRATEGIE&#8220; button_text=&#8220;IN ZUSAMMENARBEIT MIT DIGIVOLUTION&#8220; button_link=&#8220;http:\/\/www.digivolution.swiss&#8220; use_bg_overlay=&#8220;on&#8220; bg_overlay_color=&#8220;rgba(0,0,0,0.5)&#8220; use_text_overlay=&#8220;off&#8220; _builder_version=&#8220;4.27.4&#8243; header_font=&#8220;||||&#8220; header_font_size=&#8220;85&#8243; body_font=&#8220;||||&#8220; body_line_height=&#8220;1.5em&#8220; background_color=&#8220;RGBA(255,255,255,0)&#8220; background_enable_color=&#8220;on&#8220; background_image=&#8220;https:\/\/dv-hub.ch\/wp-content\/uploads\/2022\/09\/AdobeStock_268784457-scaled-e1662958851133.jpeg&#8220; background_enable_image=&#8220;on&#8220; background_position=&#8220;top_left&#8220; background_enable_video_mp4=&#8220;off&#8220; background_enable_video_webm=&#8220;off&#8220; custom_button=&#8220;on&#8220; button_text_size=&#8220;16px&#8220; button_text_color=&#8220;#ffffff&#8220; button_border_color=&#8220;#ffffff&#8220; button_font=&#8220;||||&#8220; button_use_icon=&#8220;off&#8220; hover_enabled=&#8220;0&#8243; header_font_size_tablet=&#8220;80px&#8220; header_font_size_phone=&#8220;50px&#8220; header_font_size_last_edited=&#8220;on|phone&#8220; body_font_size_tablet=&#8220;&#8220; body_font_size_phone=&#8220;&#8220; body_font_size_last_edited=&#8220;on|tablet&#8220; body_line_height_tablet=&#8220;1.5em&#8220; body_line_height_phone=&#8220;1.5em&#8220; button_text_size_tablet=&#8220;16px&#8220; button_text_size_phone=&#8220;16px&#8220; button_text_size_last_edited=&#8220;on|desktop&#8220; button_text_color_hover=&#8220;#666666&#8243; button_bg_color_hover=&#8220;#ffffff&#8220; video_bg_mp4=&#8220;https:\/\/dv-hub.ch\/wp-content\/uploads\/2017\/02\/Office-Day-1080p.mp4&#8243; video_bg_webm=&#8220;https:\/\/dv-hub.ch\/wp-content\/uploads\/2017\/02\/Office-Day-1080p.webm&#8220; global_colors_info=&#8220;{}&#8220; button_text_size__hover_enabled=&#8220;off&#8220; button_one_text_size__hover_enabled=&#8220;off&#8220; button_two_text_size__hover_enabled=&#8220;off&#8220; button_text_color__hover_enabled=&#8220;on&#8220; button_text_color__hover=&#8220;#666666&#8243; button_one_text_color__hover_enabled=&#8220;off&#8220; button_two_text_color__hover_enabled=&#8220;off&#8220; button_border_width__hover_enabled=&#8220;off&#8220; button_one_border_width__hover_enabled=&#8220;off&#8220; button_two_border_width__hover_enabled=&#8220;off&#8220; button_border_color__hover_enabled=&#8220;off&#8220; button_one_border_color__hover_enabled=&#8220;off&#8220; button_two_border_color__hover_enabled=&#8220;off&#8220; button_border_radius__hover_enabled=&#8220;off&#8220; button_one_border_radius__hover_enabled=&#8220;off&#8220; button_two_border_radius__hover_enabled=&#8220;off&#8220; button_letter_spacing__hover_enabled=&#8220;off&#8220; button_one_letter_spacing__hover_enabled=&#8220;off&#8220; button_two_letter_spacing__hover_enabled=&#8220;off&#8220; button_bg_color__hover_enabled=&#8220;on&#8220; button_bg_color__hover=&#8220;#ffffff&#8220; button_one_bg_color__hover_enabled=&#8220;off&#8220; button_two_bg_color__hover_enabled=&#8220;off&#8220; sticky_transition=&#8220;on&#8220; title_text=&#8220;CMJN-logo-dV-Hub_negativ_klein&#8220; image=&#8220;https:\/\/dv-hub.ch\/wp-content\/uploads\/2022\/09\/CMJN-logo-dV-Hub_negativ_klein-e1662958895286.png&#8220; sticky_enabled=&#8220;0&#8243;]<\/p>\n<p><span>dV-Hub S\u00e0rl begleitet Gemeinden und KMU beim Aufbau ihres Reifegrades in den Bereichen Cybersicherheit, Datenschutz und Informationsverteidigung. <\/span><\/p>\n<p>[\/et_pb_slide][\/et_pb_fullwidth_slider][\/et_pb_section][et_pb_section fb_built=&#8220;1&#8243; custom_padding_last_edited=&#8220;on|desktop&#8220; admin_label=&#8220;section&#8220; module_id=&#8220;\u00dcber uns&#8220; _builder_version=&#8220;4.16&#8243; custom_padding=&#8220;0px|0px|0px|0px&#8220; custom_padding_tablet=&#8220;&#8220; custom_padding_phone=&#8220;&#8220; transparent_background=&#8220;off&#8220; make_fullwidth=&#8220;off&#8220; use_custom_width=&#8220;off&#8220; width_unit=&#8220;off&#8220; custom_width_px=&#8220;1080px&#8220; custom_width_percent=&#8220;80%&#8220; global_colors_info=&#8220;{}&#8220;][et_pb_row custom_padding_last_edited=&#8220;on|phone&#8220; admin_label=&#8220;Linie&#8220; _builder_version=&#8220;4.21.0&#8243; background_size=&#8220;initial&#8220; background_position=&#8220;top_left&#8220; background_repeat=&#8220;repeat&#8220; custom_padding=&#8220;37px|180px|27px|180px||&#8220; custom_padding_tablet=&#8220;100px|100px|100px|100px&#8220; custom_padding_phone=&#8220;100px|20px|100px|20px&#8220; make_fullwidth=&#8220;off&#8220; use_custom_width=&#8220;off&#8220; width_unit=&#8220;off&#8220; custom_width_px=&#8220;1080px&#8220; custom_width_percent=&#8220;80%&#8220; global_colors_info=&#8220;{}&#8220;][et_pb_column type=&#8220;4_4&#8243; _builder_version=&#8220;4.16&#8243; custom_padding=&#8220;|||&#8220; global_colors_info=&#8220;{}&#8220; custom_padding__hover=&#8220;|||&#8220;][et_pb_text admin_label=&#8220;Texte&#8220; _builder_version=&#8220;4.21.0&#8243; text_line_height=&#8220;1.5em&#8220; background_size=&#8220;initial&#8220; background_position=&#8220;top_left&#8220; background_repeat=&#8220;repeat&#8220; text_orientation=&#8220;center&#8220; module_alignment=&#8220;center&#8220; custom_margin=&#8220;||60px|||&#8220; use_border_color=&#8220;off&#8220; border_style=&#8220;solid&#8220; global_colors_info=&#8220;{}&#8220;]<\/p>\n<p style=\"text-align: left;\"><span style=\"color: #000000;\">Im Zeitalter zunehmender Spannungen aller Art und der explosionsartigen Zunahme der Online-Kriminalit\u00e4t ist Sicherheit in den Bereichen Cyber, Daten und Information keine Option mehr. Nichts zu tun ist schlichtweg fahrl\u00e4ssig. <\/span><\/p>\n<p style=\"text-align: left;\"><span style=\"color: #000000;\">Unsere Mission: unsere Kompetenzen weiterzugeben, damit <u>Sie<\/u> in diesen komplexen Bereichen, die jedoch mit den richtigen Ans\u00e4tzen beherrschbar sind, schnell eigenst\u00e4ndig werden k\u00f6nnen.<\/span><\/p>\n<p style=\"text-align: left;\"><span style=\"color: #000000;\">dV-Hub S\u00e0rl begleitet Gemeinden und KMU beim Aufbau ihres Reifegrades in den Bereichen Cybersicherheit, Datenschutz und Informationsverteidigung.<\/span><\/p>\n<p style=\"text-align: left;\"><span style=\"color: #000000;\">Wir ermitteln <u>mit Ihnen<\/u> Ihre Risiken und Chancen. Wir helfen Ihnen, die richtigen Priorit\u00e4ten zu setzen und die richtigen Entscheidungen zu treffen in Bezug auf 1) Prozesse, 2) Organisation, 3) Schulung und 4) technische L\u00f6sungen.     <\/span><\/p>\n<p style=\"text-align: left;\"><span style=\"color: #000000;\">Was uns auszeichnet? Jahrzehntelange Erfahrung gesammelt in der Entwicklung von Bundes- und Kantonsstrategien (unser Gr\u00fcnder hat die Cyberverteidigung des Bundes aufgebaut), der Unterst\u00fctzung bei Gro\u00dfveranstaltungen und der Begleitung von Gemeinden, Institutionen und KMU. <\/span><\/p>\n<p>[\/et_pb_text][et_pb_text admin_label=&#8220;Texte&#8220; _builder_version=&#8220;4.16&#8243; background_size=&#8220;initial&#8220; background_position=&#8220;top_left&#8220; background_repeat=&#8220;repeat&#8220; text_orientation=&#8220;center&#8220; module_alignment=&#8220;center&#8220; use_border_color=&#8220;off&#8220; border_style=&#8220;solid&#8220; global_colors_info=&#8220;{}&#8220;]<\/p>\n<h1><span style=\"color: #000000;\">Drei Handlungsfelder, um Ihnen das Erreichen dieser Ziele zu erm\u00f6glichen<\/span><\/h1>\n<p>[\/et_pb_text][\/et_pb_column][\/et_pb_row][\/et_pb_section][et_pb_section fb_built=&#8220;1&#8243; admin_label=&#8220;section&#8220; _builder_version=&#8220;4.16&#8243; custom_padding=&#8220;0px|0px|0px|0px&#8220; transparent_background=&#8220;off&#8220; make_fullwidth=&#8220;off&#8220; use_custom_width=&#8220;off&#8220; width_unit=&#8220;off&#8220; custom_width_px=&#8220;1080px&#8220; custom_width_percent=&#8220;80%&#8220; global_colors_info=&#8220;{}&#8220;][et_pb_row column_structure=&#8220;1_3,1_3,1_3&#8243; use_custom_gutter=&#8220;on&#8220; gutter_width=&#8220;1&#8243; custom_padding_last_edited=&#8220;off|desktop&#8220; admin_label=&#8220;Reihe&#8220; module_class=&#8220; et_pb_row_fullwidth&#8220; _builder_version=&#8220;4.21.0&#8243; background_size=&#8220;initial&#8220; background_position=&#8220;top_left&#8220; background_repeat=&#8220;repeat&#8220; width=&#8220;100%&#8220; width_tablet=&#8220;100%&#8220; width_phone=&#8220;100%&#8220; width_last_edited=&#8220;on|desktop&#8220; max_width=&#8220;100%&#8220; max_width_tablet=&#8220;100%&#8220; max_width_phone=&#8220;100%&#8220; max_width_last_edited=&#8220;on|desktop&#8220; custom_margin=&#8220;|auto|9px|auto|false|false&#8220; custom_padding=&#8220;0px||8px|||&#8220; custom_padding_tablet=&#8220;|||&#8220; make_fullwidth=&#8220;on&#8220; use_custom_width=&#8220;off&#8220; width_unit=&#8220;off&#8220; custom_width_px=&#8220;1080px&#8220; custom_width_percent=&#8220;80%&#8220; global_colors_info=&#8220;{}&#8220;][et_pb_column type=&#8220;1_3&#8243; _builder_version=&#8220;4.21.0&#8243; background_image=&#8220;https:\/\/dv-hub.ch\/wp-content\/uploads\/2025\/11\/strategie_pix.png&#8220; custom_padding=&#8220;|||&#8220; global_colors_info=&#8220;{}&#8220; custom_padding__hover=&#8220;|||&#8220;][et_pb_text admin_label=&#8220;Texte&#8220; _builder_version=&#8220;4.21.0&#8243; text_line_height=&#8220;1.5em&#8220; header_font_size=&#8220;50px&#8220; background_size=&#8220;initial&#8220; background_position=&#8220;top_left&#8220; background_repeat=&#8220;repeat&#8220; text_orientation=&#8220;center&#8220; background_layout=&#8220;dark&#8220; module_alignment=&#8220;center&#8220; min_height=&#8220;129px&#8220; custom_margin=&#8220;237px||36px|||&#8220; custom_padding=&#8220;|50px|0px|50px||&#8220; use_border_color=&#8220;off&#8220; border_style=&#8220;solid&#8220; global_colors_info=&#8220;{}&#8220;]<\/p>\n<h2><img loading=\"lazy\" decoding=\"async\" src=\"https:\/\/dv-hub.ch\/wp-content\/uploads\/2025\/11\/strategie_weiss.png\" width=\"105\" height=\"105\" alt=\"\" class=\"wp-image-28902 alignnone size-full\"><\/h2>\n<h2><strong>STRATEGIE<\/strong><\/h2>\n<p><strong>Wir erstellen mit Ihnen Ihre Cyber-, Daten- und Informationsinventare, entwickeln Ihre Risikomatrix und erarbeiten mit Ihnen einen pragmatischen, schnell wirksamen und kosteng\u00fcnstigen Aktionsplan.<\/strong><\/p>\n<p>[\/et_pb_text][\/et_pb_column][et_pb_column type=&#8220;1_3&#8243; _builder_version=&#8220;4.21.0&#8243; background_image=&#8220;https:\/\/dv-hub.ch\/wp-content\/uploads\/2025\/11\/formation_pix.png&#8220; custom_padding=&#8220;|||&#8220; global_colors_info=&#8220;{}&#8220; custom_padding__hover=&#8220;|||&#8220;][et_pb_text admin_label=&#8220;Texte&#8220; _builder_version=&#8220;4.21.0&#8243; text_line_height=&#8220;1.5em&#8220; header_font_size=&#8220;50px&#8220; background_size=&#8220;initial&#8220; background_position=&#8220;top_left&#8220; background_repeat=&#8220;repeat&#8220; text_orientation=&#8220;center&#8220; background_layout=&#8220;dark&#8220; module_alignment=&#8220;center&#8220; custom_margin=&#8220;243px||51px|||&#8220; custom_padding=&#8220;|50px||50px&#8220; use_border_color=&#8220;off&#8220; border_style=&#8220;solid&#8220; global_colors_info=&#8220;{}&#8220;]<\/p>\n<h2><strong><img loading=\"lazy\" decoding=\"async\" src=\"https:\/\/dv-hub.ch\/wp-content\/uploads\/2025\/11\/formation_weiss.png\" width=\"105\" height=\"105\" alt=\"\" class=\"wp-image-28901 alignnone size-full\"><\/strong><\/h2>\n<h2><strong>SCHULUNG<\/strong><\/h2>\n<p><strong>Wir schulen Sie und Ihr Personal im Umgang mit Notfall- und Krisensituationen, in Cyberhygiene und st\u00e4rken Ihre Cyber-\/Daten-\/Info-Kompetenzen.<\/strong><\/p>\n<p>[\/et_pb_text][\/et_pb_column][et_pb_column type=&#8220;1_3&#8243; _builder_version=&#8220;4.21.0&#8243; background_image=&#8220;https:\/\/dv-hub.ch\/wp-content\/uploads\/2025\/11\/support_pix2.png&#8220; custom_padding=&#8220;|||&#8220; global_colors_info=&#8220;{}&#8220; custom_padding__hover=&#8220;|||&#8220;][et_pb_text admin_label=&#8220;Texte&#8220; _builder_version=&#8220;4.21.0&#8243; text_line_height=&#8220;1.5em&#8220; header_font_size=&#8220;50px&#8220; background_size=&#8220;initial&#8220; background_position=&#8220;top_left&#8220; background_repeat=&#8220;repeat&#8220; text_orientation=&#8220;center&#8220; background_layout=&#8220;dark&#8220; module_alignment=&#8220;center&#8220; custom_margin=&#8220;246px||66px|||&#8220; custom_padding=&#8220;|50px||50px&#8220; use_border_color=&#8220;off&#8220; border_style=&#8220;solid&#8220; global_colors_info=&#8220;{}&#8220;]<\/p>\n<h1><img loading=\"lazy\" decoding=\"async\" src=\"https:\/\/dv-hub.ch\/wp-content\/uploads\/2025\/11\/support_weiss.png\" width=\"105\" height=\"105\" alt=\"\" class=\"wp-image-28900 alignnone size-full\"><\/h1>\n<h2><strong>OPERATIVE UNTERST\u00dcTZUNG<\/strong><\/h2>\n<p>Im Notfall und in Krisensituationen stehen wir Ihnen zur Seite und informieren Sie \u00fcber Herausforderungen, Gefahren und Bedrohungen, um diese zu antizipieren.<\/p>\n<p>[\/et_pb_text][\/et_pb_column][\/et_pb_row][\/et_pb_section][et_pb_section fb_built=&#8220;1&#8243; admin_label=&#8220;section&#8220; module_id=&#8220;Team&#8220; _builder_version=&#8220;4.16&#8243; custom_padding=&#8220;0px|0px|30px|0px&#8220; transparent_background=&#8220;off&#8220; make_fullwidth=&#8220;off&#8220; use_custom_width=&#8220;off&#8220; width_unit=&#8220;off&#8220; custom_width_px=&#8220;1080px&#8220; custom_width_percent=&#8220;80%&#8220; global_colors_info=&#8220;{}&#8220;][et_pb_row custom_padding_last_edited=&#8220;on|desktop&#8220; admin_label=&#8220;Reihe&#8220; _builder_version=&#8220;4.16&#8243; background_size=&#8220;initial&#8220; background_position=&#8220;top_left&#8220; background_repeat=&#8220;repeat&#8220; min_height=&#8220;244.7px&#8220; custom_margin=&#8220;35px|auto|-20px|auto||&#8220; custom_padding=&#8220;50px|0px|0px|0px||&#8220; custom_padding_tablet=&#8220;0px||0px|&#8220; custom_padding_phone=&#8220;||0px|&#8220; make_fullwidth=&#8220;off&#8220; use_custom_width=&#8220;off&#8220; width_unit=&#8220;off&#8220; custom_width_px=&#8220;1080px&#8220; custom_width_percent=&#8220;80%&#8220; global_colors_info=&#8220;{}&#8220;][et_pb_column type=&#8220;4_4&#8243; _builder_version=&#8220;4.16&#8243; custom_padding=&#8220;|||&#8220; global_colors_info=&#8220;{}&#8220; custom_padding__hover=&#8220;|||&#8220;][et_pb_button button_url=&#8220;mailto:info@dv-hub.ch&#8220; button_text=&#8220;KONTAKT&#8220; button_alignment=&#8220;center&#8220; admin_label=&#8220;Button&#8220; _builder_version=&#8220;4.21.0&#8243; button_letter_spacing_hover=&#8220;0&#8243; global_colors_info=&#8220;{}&#8220; button_text_size__hover_enabled=&#8220;off&#8220; button_one_text_size__hover_enabled=&#8220;off&#8220; button_two_text_size__hover_enabled=&#8220;off&#8220; button_text_color__hover_enabled=&#8220;off&#8220; button_one_text_color__hover_enabled=&#8220;off&#8220; button_two_text_color__hover_enabled=&#8220;off&#8220; button_border_width__hover_enabled=&#8220;off&#8220; button_one_border_width__hover_enabled=&#8220;off&#8220; button_two_border_width__hover_enabled=&#8220;off&#8220; button_border_color__hover_enabled=&#8220;off&#8220; button_one_border_color__hover_enabled=&#8220;off&#8220; button_two_border_color__hover_enabled=&#8220;off&#8220; button_border_radius__hover_enabled=&#8220;off&#8220; button_one_border_radius__hover_enabled=&#8220;off&#8220; button_two_border_radius__hover_enabled=&#8220;off&#8220; button_letter_spacing__hover_enabled=&#8220;on&#8220; button_letter_spacing__hover=&#8220;0&#8243; button_one_letter_spacing__hover_enabled=&#8220;off&#8220; button_two_letter_spacing__hover_enabled=&#8220;off&#8220; button_bg_color__hover_enabled=&#8220;off&#8220; button_one_bg_color__hover_enabled=&#8220;off&#8220; button_two_bg_color__hover_enabled=&#8220;off&#8220;][\/et_pb_button][et_pb_testimonial admin_label=&#8220;T\u00e9moignage&#8220; _builder_version=&#8220;4.21.0&#8243; body_text_color=&#8220;#333333&#8243; use_background_color=&#8220;off&#8220; background_size=&#8220;initial&#8220; background_position=&#8220;top_left&#8220; background_repeat=&#8220;repeat&#8220; text_orientation=&#8220;center&#8220; background_layout=&#8220;dark&#8220; use_border_color=&#8220;off&#8220; border_style=&#8220;solid&#8220; global_colors_info=&#8220;{}&#8220;]<\/p>\n<h4><span style=\"color: #000000;\"> <a href=\"mailto:email:info@dv-hub.ch\" style=\"color: #000000;\"> info@dv-hub.ch<\/a> \/ Tel. 0800 042220<\/span><\/h4>\n<p>[\/et_pb_testimonial][\/et_pb_column][\/et_pb_row][\/et_pb_section]<\/p>\n","protected":false},"excerpt":{"rendered":"<p>dV-Hub S\u00e0rl begleitet Gemeinden und KMU beim Aufbau ihres Reifegrades in den Bereichen Cybersicherheit, Datenschutz und Informationsverteidigung. Im Zeitalter zunehmender Spannungen aller Art und der explosionsartigen Zunahme der Online-Kriminalit\u00e4t ist Sicherheit in den Bereichen Cyber, Daten und Information keine Option mehr. Nichts zu tun ist schlichtweg fahrl\u00e4ssig. Unsere Mission: unsere Kompetenzen weiterzugeben, damit Sie in [&hellip;]<\/p>\n","protected":false},"author":0,"featured_media":0,"parent":0,"menu_order":0,"comment_status":"closed","ping_status":"closed","template":"","meta":{"_et_pb_use_builder":"on","_et_pb_old_content":"","_et_gb_content_width":"","footnotes":""},"class_list":["post-28961","page","type-page","status-publish","hentry"],"_links":{"self":[{"href":"https:\/\/dv-hub.ch\/de\/wp-json\/wp\/v2\/pages\/28961","targetHints":{"allow":["GET"]}}],"collection":[{"href":"https:\/\/dv-hub.ch\/de\/wp-json\/wp\/v2\/pages"}],"about":[{"href":"https:\/\/dv-hub.ch\/de\/wp-json\/wp\/v2\/types\/page"}],"replies":[{"embeddable":true,"href":"https:\/\/dv-hub.ch\/de\/wp-json\/wp\/v2\/comments?post=28961"}],"version-history":[{"count":2,"href":"https:\/\/dv-hub.ch\/de\/wp-json\/wp\/v2\/pages\/28961\/revisions"}],"predecessor-version":[{"id":28966,"href":"https:\/\/dv-hub.ch\/de\/wp-json\/wp\/v2\/pages\/28961\/revisions\/28966"}],"wp:attachment":[{"href":"https:\/\/dv-hub.ch\/de\/wp-json\/wp\/v2\/media?parent=28961"}],"curies":[{"name":"wp","href":"https:\/\/api.w.org\/{rel}","templated":true}]}}